{"id":2164,"date":"2021-02-03T18:00:41","date_gmt":"2021-02-03T17:00:41","guid":{"rendered":"https:\/\/www.lac-de-devesset.fr\/contact\/"},"modified":"2022-06-15T10:11:33","modified_gmt":"2022-06-15T08:11:33","slug":"contacto","status":"publish","type":"page","link":"https:\/\/www.lac-de-devesset.fr\/es\/contacto\/","title":{"rendered":"Contacto"},"content":{"rendered":"","protected":false},"excerpt":{"rendered":"","protected":false},"author":3,"featured_media":0,"parent":0,"menu_order":0,"comment_status":"closed","ping_status":"closed","template":"templates\/tmp-contact.php","meta":{"_acf_changed":false},"folder":[],"class_list":["post-2164","page","type-page","status-publish","hentry"],"acf":[],"yoast_head":"<!-- This site is optimized with the Yoast SEO plugin v27.3 - https:\/\/yoast.com\/product\/yoast-seo-wordpress\/ -->\n<title>Contactez le camping du Lac de Devesset en Ard\u00e8che<\/title>\n<meta name=\"description\" content=\"Informations, acc\u00e8s, contact, comment r\u00e9server votre emplacement ou locatif au camping du Lac de Devesset en Ard\u00e8che du Nord.\" \/>\n<meta name=\"robots\" content=\"index, follow, max-snippet:-1, max-image-preview:large, max-video-preview:-1\" \/>\n<link rel=\"canonical\" href=\"https:\/\/www.lac-de-devesset.fr\/es\/contacto\/\" \/>\n<meta property=\"og:locale\" content=\"es_ES\" \/>\n<meta property=\"og:type\" content=\"article\" \/>\n<meta property=\"og:title\" content=\"Contactez le camping du Lac de Devesset en Ard\u00e8che\" \/>\n<meta property=\"og:description\" content=\"Informations, acc\u00e8s, contact, comment r\u00e9server votre emplacement ou locatif au camping du Lac de Devesset en Ard\u00e8che du Nord.\" \/>\n<meta property=\"og:url\" content=\"https:\/\/www.lac-de-devesset.fr\/es\/contacto\/\" \/>\n<meta property=\"og:site_name\" content=\"Camping Pensi\u00f3n, L&#039;Hospitalet de l&#039;Infant, Tarragona - Camping Cala d&#039;Oques\" \/>\n<meta property=\"article:modified_time\" content=\"2022-06-15T08:11:33+00:00\" \/>\n<meta name=\"twitter:card\" content=\"summary_large_image\" \/>\n<script type=\"application\/ld+json\" class=\"yoast-schema-graph\">{\"@context\":\"https:\\\/\\\/schema.org\",\"@graph\":[{\"@type\":\"WebPage\",\"@id\":\"https:\\\/\\\/www.lac-de-devesset.fr\\\/es\\\/contacto\\\/\",\"url\":\"https:\\\/\\\/www.lac-de-devesset.fr\\\/es\\\/contacto\\\/\",\"name\":\"Contactez le camping du Lac de Devesset en Ard\u00e8che\",\"isPartOf\":{\"@id\":\"https:\\\/\\\/www.lac-de-devesset.fr\\\/es\\\/#website\"},\"datePublished\":\"2021-02-03T17:00:41+00:00\",\"dateModified\":\"2022-06-15T08:11:33+00:00\",\"description\":\"Informations, acc\u00e8s, contact, comment r\u00e9server votre emplacement ou locatif au camping du Lac de Devesset en Ard\u00e8che du Nord.\",\"breadcrumb\":{\"@id\":\"https:\\\/\\\/www.lac-de-devesset.fr\\\/es\\\/contacto\\\/#breadcrumb\"},\"inLanguage\":\"es\",\"potentialAction\":[{\"@type\":\"ReadAction\",\"target\":[\"https:\\\/\\\/www.lac-de-devesset.fr\\\/es\\\/contacto\\\/\"]}]},{\"@type\":\"BreadcrumbList\",\"@id\":\"https:\\\/\\\/www.lac-de-devesset.fr\\\/es\\\/contacto\\\/#breadcrumb\",\"itemListElement\":[{\"@type\":\"ListItem\",\"position\":1,\"name\":\"Bienvenido\",\"item\":\"https:\\\/\\\/www.lac-de-devesset.fr\\\/es\\\/\"},{\"@type\":\"ListItem\",\"position\":2,\"name\":\"Contacto\"}]},{\"@type\":\"WebSite\",\"@id\":\"https:\\\/\\\/www.lac-de-devesset.fr\\\/es\\\/#website\",\"url\":\"https:\\\/\\\/www.lac-de-devesset.fr\\\/es\\\/\",\"name\":\"Camping Pensi\u00f3n, L&#039;Hospitalet de l&#039;Infant, Tarragona - Camping Cala d&#039;Oques\",\"description\":\"Un site utilisant WordPress\",\"publisher\":{\"@id\":\"https:\\\/\\\/www.lac-de-devesset.fr\\\/es\\\/#organization\"},\"potentialAction\":[{\"@type\":\"SearchAction\",\"target\":{\"@type\":\"EntryPoint\",\"urlTemplate\":\"https:\\\/\\\/www.lac-de-devesset.fr\\\/es\\\/?s={search_term_string}\"},\"query-input\":{\"@type\":\"PropertyValueSpecification\",\"valueRequired\":true,\"valueName\":\"search_term_string\"}}],\"inLanguage\":\"es\"},{\"@type\":\"Organization\",\"@id\":\"https:\\\/\\\/www.lac-de-devesset.fr\\\/es\\\/#organization\",\"name\":\"Camping Pensi\u00f3n, L&#039;Hospitalet de l&#039;Infant, Tarragona - Camping Cala d&#039;Oques\",\"url\":\"https:\\\/\\\/www.lac-de-devesset.fr\\\/es\\\/\",\"logo\":{\"@type\":\"ImageObject\",\"inLanguage\":\"es\",\"@id\":\"https:\\\/\\\/www.lac-de-devesset.fr\\\/es\\\/#\\\/schema\\\/logo\\\/image\\\/\",\"url\":\"https:\\\/\\\/www.lac-de-devesset.fr\\\/wp-content\\\/uploads\\\/2021\\\/04\\\/cropped-logo-lac-devesset-2.png\",\"contentUrl\":\"https:\\\/\\\/www.lac-de-devesset.fr\\\/wp-content\\\/uploads\\\/2021\\\/04\\\/cropped-logo-lac-devesset-2.png\",\"width\":163,\"height\":96,\"caption\":\"Camping Pensi\u00f3n, L&#039;Hospitalet de l&#039;Infant, Tarragona - Camping Cala d&#039;Oques\"},\"image\":{\"@id\":\"https:\\\/\\\/www.lac-de-devesset.fr\\\/es\\\/#\\\/schema\\\/logo\\\/image\\\/\"}}]}<\/script>\n<!-- \/ Yoast SEO plugin. -->","yoast_head_json":{"title":"Contactez le camping du Lac de Devesset en Ard\u00e8che","description":"Informations, acc\u00e8s, contact, comment r\u00e9server votre emplacement ou locatif au camping du Lac de Devesset en Ard\u00e8che du Nord.","robots":{"index":"index","follow":"follow","max-snippet":"max-snippet:-1","max-image-preview":"max-image-preview:large","max-video-preview":"max-video-preview:-1"},"canonical":"https:\/\/www.lac-de-devesset.fr\/es\/contacto\/","og_locale":"es_ES","og_type":"article","og_title":"Contactez le camping du Lac de Devesset en Ard\u00e8che","og_description":"Informations, acc\u00e8s, contact, comment r\u00e9server votre emplacement ou locatif au camping du Lac de Devesset en Ard\u00e8che du Nord.","og_url":"https:\/\/www.lac-de-devesset.fr\/es\/contacto\/","og_site_name":"Camping Pensi\u00f3n, L&#039;Hospitalet de l&#039;Infant, Tarragona - Camping Cala d&#039;Oques","article_modified_time":"2022-06-15T08:11:33+00:00","twitter_card":"summary_large_image","schema":{"@context":"https:\/\/schema.org","@graph":[{"@type":"WebPage","@id":"https:\/\/www.lac-de-devesset.fr\/es\/contacto\/","url":"https:\/\/www.lac-de-devesset.fr\/es\/contacto\/","name":"Contactez le camping du Lac de Devesset en Ard\u00e8che","isPartOf":{"@id":"https:\/\/www.lac-de-devesset.fr\/es\/#website"},"datePublished":"2021-02-03T17:00:41+00:00","dateModified":"2022-06-15T08:11:33+00:00","description":"Informations, acc\u00e8s, contact, comment r\u00e9server votre emplacement ou locatif au camping du Lac de Devesset en Ard\u00e8che du Nord.","breadcrumb":{"@id":"https:\/\/www.lac-de-devesset.fr\/es\/contacto\/#breadcrumb"},"inLanguage":"es","potentialAction":[{"@type":"ReadAction","target":["https:\/\/www.lac-de-devesset.fr\/es\/contacto\/"]}]},{"@type":"BreadcrumbList","@id":"https:\/\/www.lac-de-devesset.fr\/es\/contacto\/#breadcrumb","itemListElement":[{"@type":"ListItem","position":1,"name":"Bienvenido","item":"https:\/\/www.lac-de-devesset.fr\/es\/"},{"@type":"ListItem","position":2,"name":"Contacto"}]},{"@type":"WebSite","@id":"https:\/\/www.lac-de-devesset.fr\/es\/#website","url":"https:\/\/www.lac-de-devesset.fr\/es\/","name":"Camping Pensi\u00f3n, L&#039;Hospitalet de l&#039;Infant, Tarragona - Camping Cala d&#039;Oques","description":"Un site utilisant WordPress","publisher":{"@id":"https:\/\/www.lac-de-devesset.fr\/es\/#organization"},"potentialAction":[{"@type":"SearchAction","target":{"@type":"EntryPoint","urlTemplate":"https:\/\/www.lac-de-devesset.fr\/es\/?s={search_term_string}"},"query-input":{"@type":"PropertyValueSpecification","valueRequired":true,"valueName":"search_term_string"}}],"inLanguage":"es"},{"@type":"Organization","@id":"https:\/\/www.lac-de-devesset.fr\/es\/#organization","name":"Camping Pensi\u00f3n, L&#039;Hospitalet de l&#039;Infant, Tarragona - Camping Cala d&#039;Oques","url":"https:\/\/www.lac-de-devesset.fr\/es\/","logo":{"@type":"ImageObject","inLanguage":"es","@id":"https:\/\/www.lac-de-devesset.fr\/es\/#\/schema\/logo\/image\/","url":"https:\/\/www.lac-de-devesset.fr\/wp-content\/uploads\/2021\/04\/cropped-logo-lac-devesset-2.png","contentUrl":"https:\/\/www.lac-de-devesset.fr\/wp-content\/uploads\/2021\/04\/cropped-logo-lac-devesset-2.png","width":163,"height":96,"caption":"Camping Pensi\u00f3n, L&#039;Hospitalet de l&#039;Infant, Tarragona - Camping Cala d&#039;Oques"},"image":{"@id":"https:\/\/www.lac-de-devesset.fr\/es\/#\/schema\/logo\/image\/"}}]}},"_links":{"self":[{"href":"https:\/\/www.lac-de-devesset.fr\/es\/wp-json\/wp\/v2\/pages\/2164","targetHints":{"allow":["GET"]}}],"collection":[{"href":"https:\/\/www.lac-de-devesset.fr\/es\/wp-json\/wp\/v2\/pages"}],"about":[{"href":"https:\/\/www.lac-de-devesset.fr\/es\/wp-json\/wp\/v2\/types\/page"}],"author":[{"embeddable":true,"href":"https:\/\/www.lac-de-devesset.fr\/es\/wp-json\/wp\/v2\/users\/3"}],"replies":[{"embeddable":true,"href":"https:\/\/www.lac-de-devesset.fr\/es\/wp-json\/wp\/v2\/comments?post=2164"}],"version-history":[{"count":0,"href":"https:\/\/www.lac-de-devesset.fr\/es\/wp-json\/wp\/v2\/pages\/2164\/revisions"}],"wp:attachment":[{"href":"https:\/\/www.lac-de-devesset.fr\/es\/wp-json\/wp\/v2\/media?parent=2164"}],"wp:term":[{"taxonomy":"folder","embeddable":true,"href":"https:\/\/www.lac-de-devesset.fr\/es\/wp-json\/wp\/v2\/folder?post=2164"}],"curies":[{"name":"wp","href":"https:\/\/api.w.org\/{rel}","templated":true}]}}